{"id":131076,"date":"2023-09-19T06:24:33","date_gmt":"2023-09-19T06:24:33","guid":{"rendered":"https:\/\/www.jddigitalagency.com\/acerca-de\/"},"modified":"2025-01-23T18:04:42","modified_gmt":"2025-01-23T18:04:42","slug":"acerca-de","status":"publish","type":"page","link":"https:\/\/www.jddigitalagency.com\/es\/acerca-de\/","title":{"rendered":"Acerca de"},"content":{"rendered":"<div class=\"wpb-content-wrapper\"><p>[vc_row unlock_row_content=\u00bbyes\u00bb row_height_percent=\u00bb0&#8243; override_padding=\u00bbyes\u00bb h_padding=\u00bb5&#8243; top_padding=\u00bb2&#8243; bottom_padding=\u00bb2&#8243; back_color=\u00bbcolor-200495&#8243; overlay_color=\u00bbcolor-200495&#8243; overlay_alpha=\u00bb100&#8243; gutter_size=\u00bb2&#8243; column_width_percent=\u00bb100&#8243; shift_y=\u00bb0&#8243; z_index=\u00bb0&#8243; changer_back_color=\u00bbyes\u00bb uncode_shortcode_id=\u00bb110514&#8243; back_color_type=\u00bbuncode-palette\u00bb overlay_color_type=\u00bbuncode-palette\u00bb][vc_column column_width_percent=\u00bb100&#8243; gutter_size=\u00bb0&#8243; override_padding=\u00bbyes\u00bb column_padding=\u00bb0&#8243; overlay_alpha=\u00bb50&#8243; shift_x=\u00bb0&#8243; shift_y=\u00bb0&#8243; shift_y_down=\u00bb0&#8243; z_index=\u00bb0&#8243; medium_width=\u00bb0&#8243; mobile_width=\u00bb0&#8243; css_animation=\u00bbalpha-anim\u00bb animation_speed=\u00bb1000&#8243; width=\u00bb1\/1&#8243; uncode_shortcode_id=\u00bb101495&#8243;][vc_row_inner row_inner_height_percent=\u00bb0&#8243; overlay_alpha=\u00bb50&#8243; gutter_size=\u00bb3&#8243; shift_y=\u00bb0&#8243; z_index=\u00bb0&#8243; uncode_shortcode_id=\u00bb105087&#8243;][vc_column_inner column_width_percent=\u00bb100&#8243; align_horizontal=\u00bbalign_center\u00bb gutter_size=\u00bb0&#8243; override_padding=\u00bbyes\u00bb column_padding=\u00bb0&#8243; overlay_alpha=\u00bb50&#8243; shift_x=\u00bb0&#8243; shift_y=\u00bb3&#8243; shift_y_down=\u00bb0&#8243; z_index=\u00bb0&#8243; medium_width=\u00bb0&#8243; mobile_width=\u00bb0&#8243; width=\u00bb1\/1&#8243; uncode_shortcode_id=\u00bb167930&#8243;][vc_single_image media=\u00bb130943&#8243; media_width_use_pixel=\u00bbyes\u00bb alignment=\u00bbcenter\u00bb uncode_shortcode_id=\u00bb569988&#8243; media_width_pixel=\u00bb350&#8243; media_link=\u00bburl:https%3A%2F%2Fwww.jddigitalagency.com%2F\u00bb][\/vc_column_inner][\/vc_row_inner][\/vc_column][\/vc_row][vc_row unlock_row_content=\u00bbyes\u00bb row_height_percent=\u00bb0&#8243; override_padding=\u00bbyes\u00bb h_padding=\u00bb5&#8243; top_padding=\u00bb2&#8243; bottom_padding=\u00bb4&#8243; back_color=\u00bbcolor-203939&#8243; overlay_alpha=\u00bb50&#8243; gutter_size=\u00bb2&#8243; column_width_percent=\u00bb100&#8243; shift_y=\u00bb0&#8243; z_index=\u00bb0&#8243; changer_back_color=\u00bbyes\u00bb uncode_shortcode_id=\u00bb130994&#8243; back_color_type=\u00bbuncode-palette\u00bb][vc_column column_width_percent=\u00bb100&#8243; gutter_size=\u00bb3&#8243; overlay_alpha=\u00bb50&#8243; shift_x=\u00bb0&#8243; shift_y=\u00bb0&#8243; shift_y_down=\u00bb0&#8243; z_index=\u00bb0&#8243; medium_width=\u00bb0&#8243; mobile_width=\u00bb0&#8243; css_animation=\u00bbalpha-anim\u00bb animation_speed=\u00bb1000&#8243; width=\u00bb1\/1&#8243; uncode_shortcode_id=\u00bb103532&#8243;][vc_row_inner row_inner_height_percent=\u00bb0&#8243; overlay_alpha=\u00bb50&#8243; gutter_size=\u00bb3&#8243; shift_y=\u00bb0&#8243; z_index=\u00bb0&#8243; uncode_shortcode_id=\u00bb265510&#8243;][vc_column_inner column_width_percent=\u00bb100&#8243; gutter_size=\u00bb3&#8243; overlay_alpha=\u00bb50&#8243; shift_x=\u00bb0&#8243; shift_y=\u00bb3&#8243; shift_y_down=\u00bb0&#8243; z_index=\u00bb0&#8243; medium_width=\u00bb0&#8243; mobile_width=\u00bb0&#8243; width=\u00bb1\/1&#8243; uncode_shortcode_id=\u00bb141242&#8243;][vc_custom_heading text_color=\u00bbcolor-jevc\u00bb heading_semantic=\u00bbh1&#8243; text_size=\u00bb\u00bb text_transform=\u00bbuppercase\u00bb css_animation=\u00bbleft-t-right\u00bb animation_delay=\u00bb200&#8243; uncode_shortcode_id=\u00bb106545&#8243; text_color_type=\u00bbuncode-palette\u00bb]#ABOUTME[\/vc_custom_heading][\/vc_column_inner][\/vc_row_inner][vc_row_inner row_inner_height_percent=\u00bb0&#8243; overlay_alpha=\u00bb50&#8243; gutter_size=\u00bb3&#8243; shift_y=\u00bb0&#8243; z_index=\u00bb0&#8243; limit_content=\u00bb\u00bb uncode_shortcode_id=\u00bb618716&#8243;][vc_column_inner column_width_percent=\u00bb100&#8243; gutter_size=\u00bb3&#8243; overlay_alpha=\u00bb50&#8243; shift_x=\u00bb0&#8243; shift_y=\u00bb0&#8243; shift_y_down=\u00bb0&#8243; z_index=\u00bb0&#8243; medium_width=\u00bb0&#8243; mobile_width=\u00bb0&#8243; width=\u00bb7\/12&#8243; uncode_shortcode_id=\u00bb164283&#8243;][vc_custom_heading text_color=\u00bbcolor-jevc\u00bb text_size=\u00bb\u00bb text_height=\u00bbfontheight-179065&#8243; text_space=\u00bbfontspace-781688&#8243; uncode_shortcode_id=\u00bb137228&#8243; text_color_type=\u00bbuncode-palette\u00bb]AGENCIA JD DIGITAL[\/vc_custom_heading][vc_column_text text_lead=\u00bbyes\u00bb text_color=\u00bbcolor-jevc\u00bb uncode_shortcode_id=\u00bb106418&#8243; text_color_type=\u00bbuncode-palette\u00bb]Seg\u00fan el lema: \u00abcuando trabajar te parece un hobby, has encontrado la pasi\u00f3n de tu vida\u00bb Mi trabajo es mi pasi\u00f3n diaria con todas las posibilidades creativas que ofrece el marketing digital. En 2016, empec\u00e9 a trabajar como influencer privada en el sector del estilo de vida y los viajes junto con mis estudios de Derecho Mercantil, donde ahora inspiro regularmente a unos 100 000 seguidores con mis contenidos.<br \/>\nS\u00ed, y esta pasi\u00f3n se convirti\u00f3 en mi profesi\u00f3n unos a\u00f1os m\u00e1s tarde, cuando termin\u00e9 mis estudios. Pero mi canal privado tambi\u00e9n se ha convertido en una plataforma donde creo nuevas ideas para mis clientes, aprendo trucos y los \u00faltimos hacks de Instagram.<\/p>\n<p>Como emprendedora de \u00e9xito en marketing digital, colaboro con mis clientes en el aumento del alcance, el dise\u00f1o de contenidos orientados al p\u00fablico objetivo y las campa\u00f1as de influencers de \u00e9xito.<br \/>\nConmigo a tu lado, obtendr\u00e1s un \u00abpaquete despreocupado\u00bb que cubre todos los temas digitales.<\/p>\n<p>Desde la primavera de 2023, mi equipo y yo tambi\u00e9n trabajamos en la popular isla de vacaciones de Mallorca.[\/vc_column_text][\/vc_column_inner][vc_column_inner width=\u00bb5\/12&#8243;][vc_single_image media=\u00bb130667&#8243; media_width_percent=\u00bb100&#8243; uncode_shortcode_id=\u00bb813370&#8243;][\/vc_column_inner][\/vc_row_inner][\/vc_column][\/vc_row][vc_row unlock_row_content=\u00bbyes\u00bb row_height_percent=\u00bb0&#8243; override_padding=\u00bbyes\u00bb h_padding=\u00bb5&#8243; top_padding=\u00bb0&#8243; bottom_padding=\u00bb3&#8243; back_color=\u00bbcolor-200495&#8243; overlay_alpha=\u00bb50&#8243; gutter_size=\u00bb2&#8243; column_width_percent=\u00bb100&#8243; shift_y=\u00bb0&#8243; z_index=\u00bb0&#8243; changer_back_color=\u00bbyes\u00bb uncode_shortcode_id=\u00bb150492&#8243; back_color_type=\u00bbuncode-palette\u00bb][vc_column column_width_percent=\u00bb100&#8243; align_horizontal=\u00bbalign_center\u00bb gutter_size=\u00bb3&#8243; overlay_alpha=\u00bb50&#8243; shift_x=\u00bb0&#8243; shift_y=\u00bb0&#8243; shift_y_down=\u00bb0&#8243; z_index=\u00bb0&#8243; medium_width=\u00bb0&#8243; mobile_width=\u00bb0&#8243; width=\u00bb1\/1&#8243; uncode_shortcode_id=\u00bb704569&#8243;][vc_row_inner row_inner_height_percent=\u00bb0&#8243; overlay_alpha=\u00bb50&#8243; gutter_size=\u00bb3&#8243; shift_y=\u00bb0&#8243; z_index=\u00bb0&#8243; uncode_shortcode_id=\u00bb596758&#8243;][vc_column_inner column_width_percent=\u00bb100&#8243; gutter_size=\u00bb3&#8243; override_padding=\u00bbyes\u00bb column_padding=\u00bb2&#8243; overlay_alpha=\u00bb50&#8243; shift_x=\u00bb0&#8243; shift_y=\u00bb3&#8243; shift_y_down=\u00bb0&#8243; z_index=\u00bb0&#8243; medium_width=\u00bb0&#8243; mobile_width=\u00bb0&#8243; width=\u00bb1\/1&#8243; uncode_shortcode_id=\u00bb195357&#8243;][vc_custom_heading text_color=\u00bbcolor-jevc\u00bb heading_semantic=\u00bbh1&#8243; text_size=\u00bb\u00bb text_transform=\u00bbuppercase\u00bb css_animation=\u00bbtop-t-bottom\u00bb animation_delay=\u00bb200&#8243; uncode_shortcode_id=\u00bb534039&#8243; text_color_type=\u00bbuncode-palette\u00bb]#LETSGETINTOUCH[\/vc_custom_heading][vc_column_text text_color=\u00bbcolor-jevc\u00bb uncode_shortcode_id=\u00bb158477&#8243; text_color_type=\u00bbuncode-palette\u00bb]Espero sus noticias. Env\u00ede su consulta a <a style=\"color: #000;\" href=\"mailto:jdsocialmediaoffice@gmail.com\">jdsocialmediaoffice@gmail.com<\/a> o directamente a trav\u00e9s de nuestro formulario de contacto.[\/vc_column_text][\/vc_column_inner][\/vc_row_inner][vc_row_inner row_inner_height_percent=\u00bb0&#8243; overlay_alpha=\u00bb50&#8243; gutter_size=\u00bb3&#8243; shift_y=\u00bb0&#8243; z_index=\u00bb0&#8243; limit_content=\u00bb\u00bb uncode_shortcode_id=\u00bb158956&#8243; css=\u00bb.vc_custom_1695221359262{padding-top: 2em !important;}\u00bb][vc_column_inner width=\u00bb1\/4&#8243;][\/vc_column_inner][vc_column_inner column_width_percent=\u00bb100&#8243; gutter_size=\u00bb3&#8243; overlay_alpha=\u00bb50&#8243; shift_x=\u00bb0&#8243; shift_y=\u00bb0&#8243; shift_y_down=\u00bb0&#8243; z_index=\u00bb0&#8243; medium_width=\u00bb0&#8243; mobile_width=\u00bb0&#8243; width=\u00bb1\/2&#8243; uncode_shortcode_id=\u00bb175119&#8243;][vc_custom_heading text_size=\u00bb\u00bb text_transform=\u00bbuppercase\u00bb text_height=\u00bbfontheight-179065&#8243; text_space=\u00bbfontspace-781688&#8243; uncode_shortcode_id=\u00bb527978&#8243;]CONTACTO[\/vc_custom_heading]\n<div class=\"wpcf7 no-js\" id=\"wpcf7-f131183-o1\" lang=\"de-DE\" dir=\"ltr\" data-wpcf7-id=\"131183\">\n<div class=\"screen-reader-response\"><p role=\"status\" aria-live=\"polite\" aria-atomic=\"true\"><\/p> <ul><\/ul><\/div>\n<form action=\"\/es\/wp-json\/wp\/v2\/pages\/131076#wpcf7-f131183-o1\" method=\"post\" class=\"wpcf7-form init\" aria-label=\"Kontaktformular\" novalidate=\"novalidate\" data-status=\"init\">\n<fieldset class=\"hidden-fields-container\"><input type=\"hidden\" name=\"_wpcf7\" value=\"131183\" \/><input type=\"hidden\" name=\"_wpcf7_version\" value=\"6.1.5\" \/><input type=\"hidden\" name=\"_wpcf7_locale\" value=\"de_DE\" \/><input type=\"hidden\" name=\"_wpcf7_unit_tag\" value=\"wpcf7-f131183-o1\" \/><input type=\"hidden\" name=\"_wpcf7_container_post\" value=\"0\" \/><input type=\"hidden\" name=\"_wpcf7_posted_data_hash\" value=\"\" \/>\n<\/fieldset>\n<div class=\"wpcf7-inline-wrapper\">\n\t<p class=\"wpcf7-inline-field\"><span class=\"wpcf7-form-control-wrap\" data-name=\"full-name\"><input size=\"40\" maxlength=\"400\" class=\"wpcf7-form-control wpcf7-text wpcf7-validates-as-required\" id=\"first-name\" aria-required=\"true\" aria-invalid=\"false\" placeholder=\"Nombre*\" value=\"\" type=\"text\" name=\"full-name\" \/><\/span>\n\t<\/p>\n\t<p class=\"wpcf7-inline-field\"><span class=\"wpcf7-form-control-wrap\" data-name=\"your-company\"><input size=\"40\" maxlength=\"400\" class=\"wpcf7-form-control wpcf7-text\" id=\"last-name\" aria-invalid=\"false\" placeholder=\"La empresa\" value=\"\" type=\"text\" name=\"your-company\" \/><\/span>\n\t<\/p>\n<\/div>\n<div class=\"wpcf7-inline-wrapper\">\n\t<p class=\"wpcf7-inline-field\"><span class=\"wpcf7-form-control-wrap\" data-name=\"your-email\"><input size=\"40\" maxlength=\"400\" class=\"wpcf7-form-control wpcf7-email wpcf7-validates-as-required wpcf7-text wpcf7-validates-as-email\" id=\"your-email\" aria-required=\"true\" aria-invalid=\"false\" placeholder=\"e-mail*\" value=\"\" type=\"email\" name=\"your-email\" \/><\/span>\n\t<\/p>\n\t<p class=\"wpcf7-inline-field\"><span class=\"wpcf7-form-control-wrap\" data-name=\"your-tel\"><input size=\"40\" maxlength=\"400\" class=\"wpcf7-form-control wpcf7-text\" id=\"your-tel\" aria-invalid=\"false\" placeholder=\"Tel\u00e9fono\" value=\"\" type=\"text\" name=\"your-tel\" \/><\/span>\n\t<\/p>\n<\/div>\n<p><span class=\"wpcf7-form-control-wrap\" data-name=\"your-menu\"><select class=\"wpcf7-form-control wpcf7-select form-fluid\" aria-invalid=\"false\" name=\"your-menu\"><option value=\"SOLICITUD DE CITA GENERAL\">SOLICITUD DE CITA GENERAL<\/option><option value=\"REDES SOCIALES SOBRE APOYO\">REDES SOCIALES SOBRE APOYO<\/option><option value=\"CREACI\u00d3N DE CONTENIDO Y CAMPA\u00d1AS\">CREACI\u00d3N DE CONTENIDO Y CAMPA\u00d1AS<\/option><option value=\"MARKETING DE INFLUENCIADORES\">MARKETING DE INFLUENCIADORES<\/option><option value=\"APOYO DE RR.PP.\">APOYO DE RR.PP.<\/option><option value=\"CREACI\u00d3N DE P\u00c1GINA DE INICIO\">CREACI\u00d3N DE P\u00c1GINA DE INICIO<\/option><option value=\"CIRCUITOS DE PUBLICIDAD\">CIRCUITOS DE PUBLICIDAD<\/option><\/select><\/span>\n<\/p>\n<p><span class=\"wpcf7-form-control-wrap\" data-name=\"your-message\"><textarea cols=\"40\" rows=\"10\" maxlength=\"2000\" class=\"wpcf7-form-control wpcf7-textarea\" id=\"your-message\" aria-invalid=\"false\" placeholder=\"Mensaje\" name=\"your-message\"><\/textarea><\/span>\n<\/p>\n<p><span id=\"wpcf7-69e34406a74d3-wrapper\" class=\"wpcf7-form-control-wrap city-384-wrap\" style=\"display:none !important; visibility:hidden !important;\"><label for=\"wpcf7-69e34406a74d3-field\" class=\"hp-message\">Bitte lasse dieses Feld leer.<\/label><input id=\"wpcf7-69e34406a74d3-field\"  class=\"wpcf7-form-control wpcf7-text\" type=\"text\" name=\"city-384\" value=\"\" size=\"40\" tabindex=\"-1\" autocomplete=\"new-password\" \/><\/span>\n<\/p>\n<p style=\"max-width:100px\"><input type=\"hidden\" name=\"_wpcf7_captcha_challenge_captcha-224\" value=\"107051474\" \/><img decoding=\"async\" class=\"wpcf7-form-control wpcf7-captchac wpcf7-captcha-captcha-224\" width=\"72\" height=\"24\" alt=\"captcha\" src=\"https:\/\/www.jddigitalagency.com\/wp-content\/uploads\/wpcf7_captcha\/107051474.png\" \/>\n<\/p>\n<p><span class=\"wpcf7-form-control-wrap\" data-name=\"captcha-224\"><input size=\"40\" class=\"wpcf7-form-control wpcf7-captchar\" autocomplete=\"off\" aria-invalid=\"false\" placeholder=\"Introduzca una cadena de caracteres\" value=\"\" type=\"text\" name=\"captcha-224\" \/><\/span>\n<\/p>\n<p><span class=\"wpcf7-form-control-wrap\" data-name=\"accept-this-1\"><span class=\"wpcf7-form-control wpcf7-acceptance\"><span class=\"wpcf7-list-item\"><label><input type=\"checkbox\" name=\"accept-this-1\" value=\"1\" aria-invalid=\"false\" \/><span class=\"wpcf7-list-item-label\">Acepto la <a href=\"https:\/\/www.jddigitalagency.com\/datenschutz\" style=\"color:#000\">pol\u00edtica de privacidad<\/a><\/span><\/label><\/span><\/span><\/span>\n<\/p>\n<p><input class=\"wpcf7-form-control wpcf7-submit has-spinner btn btn-accent btn-lg btn-inherit font-weight-500\" type=\"submit\" value=\"Enviar\" \/>\n<\/p><div class=\"wpcf7-response-output\" aria-hidden=\"true\"><\/div>\n<\/form>\n<\/div>\n[\/vc_column_inner][vc_column_inner width=\u00bb1\/4&#8243;][\/vc_column_inner][\/vc_row_inner][\/vc_column][\/vc_row][vc_row row_height_percent=\u00bb0&#8243; back_color=\u00bbcolor-xsdn\u00bb overlay_alpha=\u00bb50&#8243; gutter_size=\u00bb3&#8243; column_width_percent=\u00bb100&#8243; shift_y=\u00bb0&#8243; z_index=\u00bb0&#8243; uncode_shortcode_id=\u00bb561075&#8243; back_color_type=\u00bbuncode-palette\u00bb][vc_column column_width_percent=\u00bb100&#8243; gutter_size=\u00bb3&#8243; overlay_alpha=\u00bb50&#8243; shift_x=\u00bb0&#8243; shift_y=\u00bb0&#8243; shift_y_down=\u00bb0&#8243; z_index=\u00bb0&#8243; medium_width=\u00bb0&#8243; mobile_width=\u00bb0&#8243; width=\u00bb1\/1&#8243; uncode_shortcode_id=\u00bb163057&#8243;][vc_row_inner row_inner_height_percent=\u00bb0&#8243; overlay_alpha=\u00bb50&#8243; gutter_size=\u00bb3&#8243; shift_y=\u00bb0&#8243; z_index=\u00bb0&#8243; uncode_shortcode_id=\u00bb265510&#8243;][vc_column_inner column_width_percent=\u00bb100&#8243; gutter_size=\u00bb3&#8243; overlay_alpha=\u00bb50&#8243; shift_x=\u00bb0&#8243; shift_y=\u00bb3&#8243; shift_y_down=\u00bb0&#8243; z_index=\u00bb0&#8243; medium_width=\u00bb0&#8243; mobile_width=\u00bb0&#8243; width=\u00bb1\/1&#8243; uncode_shortcode_id=\u00bb141242&#8243;][vc_custom_heading text_color=\u00bbcolor-jevc\u00bb text_size=\u00bb\u00bb text_transform=\u00bbuppercase\u00bb css_animation=\u00bbleft-t-right\u00bb animation_delay=\u00bb200&#8243; uncode_shortcode_id=\u00bb136828&#8243; text_color_type=\u00bbuncode-palette\u00bb]#REFERENCIAS[\/vc_custom_heading][\/vc_column_inner][\/vc_row_inner][vc_gallery el_id=\u00bbgallery-131642&#8243; type=\u00bbcarousel\u00bb medias=\u00bb131134,131137,131143,131243,131146,131240,131152,131155,131158,131246,131252,131201,131237,131205,131208,131234,131149&#8243; carousel_lg=\u00bb5&#8243; carousel_md=\u00bb4&#8243; carousel_sm=\u00bb2&#8243; gutter_size=\u00bb4&#8243; media_items=\u00bbmedia|nolink|original\u00bb carousel_v_align=\u00bbmiddle\u00bb carousel_interval=\u00bb3000&#8243; carousel_navspeed=\u00bb400&#8243; carousel_loop=\u00bbyes\u00bb carousel_autoh=\u00bbyes\u00bb stage_padding=\u00bb0&#8243; single_overlay_opacity=\u00bb50&#8243; single_overlay_anim=\u00bbno\u00bb single_text_anim=\u00bbno\u00bb single_image_anim=\u00bbno\u00bb single_h_align=\u00bbcenter\u00bb single_padding=\u00bb2&#8243; single_border=\u00bbyes\u00bb uncode_shortcode_id=\u00bb137944&#8243;][\/vc_column][\/vc_row]<\/p>\n<\/div>","protected":false},"excerpt":{"rendered":"<p>[vc_row unlock_row_content=\u00bbyes\u00bb row_height_percent=\u00bb0&#8243; override_padding=\u00bbyes\u00bb h_padding=\u00bb5&#8243; top_padding=\u00bb2&#8243; bottom_padding=\u00bb2&#8243; back_color=\u00bbcolor-200495&#8243; overlay_color=\u00bbcolor-200495&#8243; overlay_alpha=\u00bb100&#8243; gutter_size=\u00bb2&#8243; column_width_percent=\u00bb100&#8243; shift_y=\u00bb0&#8243; z_index=\u00bb0&#8243; changer_back_color=\u00bbyes\u00bb uncode_shortcode_id=\u00bb110514&#8243; back_color_type=\u00bbuncode-palette\u00bb overlay_color_type=\u00bbuncode-palette\u00bb][vc_column column_width_percent=\u00bb100&#8243; gutter_size=\u00bb0&#8243; [&hellip;]<\/p>\n","protected":false},"author":1,"featured_media":0,"parent":0,"menu_order":0,"comment_status":"closed","ping_status":"open","template":"","meta":{"footnotes":""},"class_list":["post-131076","page","type-page","status-publish","hentry"],"_links":{"self":[{"href":"https:\/\/www.jddigitalagency.com\/es\/wp-json\/wp\/v2\/pages\/131076","targetHints":{"allow":["GET"]}}],"collection":[{"href":"https:\/\/www.jddigitalagency.com\/es\/wp-json\/wp\/v2\/pages"}],"about":[{"href":"https:\/\/www.jddigitalagency.com\/es\/wp-json\/wp\/v2\/types\/page"}],"author":[{"embeddable":true,"href":"https:\/\/www.jddigitalagency.com\/es\/wp-json\/wp\/v2\/users\/1"}],"replies":[{"embeddable":true,"href":"https:\/\/www.jddigitalagency.com\/es\/wp-json\/wp\/v2\/comments?post=131076"}],"version-history":[{"count":7,"href":"https:\/\/www.jddigitalagency.com\/es\/wp-json\/wp\/v2\/pages\/131076\/revisions"}],"predecessor-version":[{"id":131260,"href":"https:\/\/www.jddigitalagency.com\/es\/wp-json\/wp\/v2\/pages\/131076\/revisions\/131260"}],"wp:attachment":[{"href":"https:\/\/www.jddigitalagency.com\/es\/wp-json\/wp\/v2\/media?parent=131076"}],"curies":[{"name":"wp","href":"https:\/\/api.w.org\/{rel}","templated":true}]}}